{"id":3271,"date":"2026-02-02T20:03:43","date_gmt":"2026-02-02T19:03:43","guid":{"rendered":"https:\/\/normi.de\/produkt\/normi-kaelbermilch-smart-30\/"},"modified":"2026-04-15T10:13:52","modified_gmt":"2026-04-15T08:13:52","slug":"normi-kaelbermilch-smart-30","status":"publish","type":"product","link":"https:\/\/normi.de\/nl\/produkt\/normi-kaelbermilch-smart-30\/","title":{"rendered":"K\u00e4lbermilch SMART 30"},"content":{"rendered":"<h2><\/h2>\n<h2>Was ist K\u00e4lbermilch SMART 30?<\/h2>\n<p>&nbsp;<\/p>\n<p>K\u00e4lbermilch SMART 30 ist ein Milchaustauscher f\u00fcr K\u00e4lber und unsere bew\u00e4hrte Standardtr\u00e4nke im Fresseraufzucht-Sortiment. Der Milchaustauscher ist leicht anges\u00e4uert und unterst\u00fctzt eine sichere und gleichm\u00e4\u00dfige Tr\u00e4nkeaufnahme beim Einstieg in die Abtr\u00e4nkphase. K\u00e4lbermilch SMART 30 eignet sich f\u00fcr automatische F\u00fctterungssysteme sowie f\u00fcr die rationierte Warmtr\u00e4nke und ist auf eine konstante N\u00e4hrstoffversorgung ausgelegt.<\/p>\n","protected":false},"excerpt":{"rendered":"<p>Anges\u00e4uerter Milchaustauscher ab der 6. Lebenswoche<\/p>\n","protected":false},"featured_media":3272,"comment_status":"open","ping_status":"closed","template":"","meta":{"_acf_changed":false},"product_brand":[],"product_cat":[98,99],"product_tag":[100],"class_list":{"0":"post-3271","1":"product","2":"type-product","3":"status-publish","4":"has-post-thumbnail","6":"product_cat-rinder","7":"product_cat-smartmilk","8":"product_tag-smart","10":"first","11":"instock","12":"shipping-taxable","13":"purchasable","14":"product-type-simple"},"acf":[],"yoast_head":"<!-- This site is optimized with the Yoast SEO plugin v27.1.1 - https:\/\/yoast.com\/product\/yoast-seo-wordpress\/ -->\n<title>K\u00e4lbermilch SMART 30 - Norlac NORMI<\/title>\n<meta name=\"robots\" content=\"index, follow, max-snippet:-1, max-image-preview:large, max-video-preview:-1\" \/>\n<link rel=\"canonical\" href=\"https:\/\/normi.de\/nl\/produkt\/normi-kaelbermilch-smart-30\/\" \/>\n<meta property=\"og:locale\" content=\"nl_NL\" \/>\n<meta property=\"og:type\" content=\"article\" \/>\n<meta property=\"og:title\" content=\"K\u00e4lbermilch SMART 30 - Norlac NORMI\" \/>\n<meta property=\"og:description\" content=\"Anges\u00e4uerter Milchaustauscher ab der 6. Lebenswoche\" \/>\n<meta property=\"og:url\" content=\"https:\/\/normi.de\/nl\/produkt\/normi-kaelbermilch-smart-30\/\" \/>\n<meta property=\"og:site_name\" content=\"Norlac NORMI\" \/>\n<meta property=\"article:modified_time\" content=\"2026-04-15T08:13:52+00:00\" \/>\n<meta property=\"og:image\" content=\"https:\/\/normi.de\/wp-content\/uploads\/2026\/02\/Produkte-blid_Normi_Sack_smartmilk_fuer_Kaelber_Composing.png\" \/>\n\t<meta property=\"og:image:width\" content=\"1600\" \/>\n\t<meta property=\"og:image:height\" content=\"1600\" \/>\n\t<meta property=\"og:image:type\" content=\"image\/png\" \/>\n<meta name=\"twitter:card\" content=\"summary_large_image\" \/>\n<meta name=\"twitter:label1\" content=\"Geschatte leestijd\" \/>\n\t<meta name=\"twitter:data1\" content=\"1 minuut\" \/>\n<script type=\"application\/ld+json\" class=\"yoast-schema-graph\">{\"@context\":\"https:\/\/schema.org\",\"@graph\":[{\"@type\":\"WebPage\",\"@id\":\"https:\/\/normi.de\/nl\/produkt\/normi-kaelbermilch-smart-30\/\",\"url\":\"https:\/\/normi.de\/nl\/produkt\/normi-kaelbermilch-smart-30\/\",\"name\":\"K\u00e4lbermilch SMART 30 - Norlac NORMI\",\"isPartOf\":{\"@id\":\"https:\/\/normi.de\/nl\/#website\"},\"primaryImageOfPage\":{\"@id\":\"https:\/\/normi.de\/nl\/produkt\/normi-kaelbermilch-smart-30\/#primaryimage\"},\"image\":{\"@id\":\"https:\/\/normi.de\/nl\/produkt\/normi-kaelbermilch-smart-30\/#primaryimage\"},\"thumbnailUrl\":\"https:\/\/normi.de\/wp-content\/uploads\/2026\/02\/Produkte-blid_Normi_Sack_smartmilk_fuer_Kaelber_Composing.png\",\"datePublished\":\"2026-02-02T19:03:43+00:00\",\"dateModified\":\"2026-04-15T08:13:52+00:00\",\"breadcrumb\":{\"@id\":\"https:\/\/normi.de\/nl\/produkt\/normi-kaelbermilch-smart-30\/#breadcrumb\"},\"inLanguage\":\"nl-NL\",\"potentialAction\":[{\"@type\":\"ReadAction\",\"target\":[\"https:\/\/normi.de\/nl\/produkt\/normi-kaelbermilch-smart-30\/\"]}]},{\"@type\":\"ImageObject\",\"inLanguage\":\"nl-NL\",\"@id\":\"https:\/\/normi.de\/nl\/produkt\/normi-kaelbermilch-smart-30\/#primaryimage\",\"url\":\"https:\/\/normi.de\/wp-content\/uploads\/2026\/02\/Produkte-blid_Normi_Sack_smartmilk_fuer_Kaelber_Composing.png\",\"contentUrl\":\"https:\/\/normi.de\/wp-content\/uploads\/2026\/02\/Produkte-blid_Normi_Sack_smartmilk_fuer_Kaelber_Composing.png\",\"width\":1600,\"height\":1600},{\"@type\":\"BreadcrumbList\",\"@id\":\"https:\/\/normi.de\/nl\/produkt\/normi-kaelbermilch-smart-30\/#breadcrumb\",\"itemListElement\":[{\"@type\":\"ListItem\",\"position\":1,\"name\":\"Startseite\",\"item\":\"https:\/\/normi.de\/nl\/\"},{\"@type\":\"ListItem\",\"position\":2,\"name\":\"Producten\",\"item\":\"https:\/\/normi.de\/nl\/shop\/\"},{\"@type\":\"ListItem\",\"position\":3,\"name\":\"Rinder\",\"item\":\"https:\/\/normi.de\/nl\/produkt-kategorie\/rinder\/\"},{\"@type\":\"ListItem\",\"position\":4,\"name\":\"K\u00e4lbermilch SMART 30\"}]},{\"@type\":\"WebSite\",\"@id\":\"https:\/\/normi.de\/nl\/#website\",\"url\":\"https:\/\/normi.de\/nl\/\",\"name\":\"NORMI\",\"description\":\"NORMI Milchaustauscher \u2013 hochwertige Ern\u00e4hrungskonzepte f\u00fcr Jungtiere\",\"publisher\":{\"@id\":\"https:\/\/normi.de\/nl\/#organization\"},\"potentialAction\":[{\"@type\":\"SearchAction\",\"target\":{\"@type\":\"EntryPoint\",\"urlTemplate\":\"https:\/\/normi.de\/nl\/?s={search_term_string}\"},\"query-input\":{\"@type\":\"PropertyValueSpecification\",\"valueRequired\":true,\"valueName\":\"search_term_string\"}}],\"inLanguage\":\"nl-NL\"},{\"@type\":\"Organization\",\"@id\":\"https:\/\/normi.de\/nl\/#organization\",\"name\":\"Norlac\",\"url\":\"https:\/\/normi.de\/nl\/\",\"logo\":{\"@type\":\"ImageObject\",\"inLanguage\":\"nl-NL\",\"@id\":\"https:\/\/normi.de\/nl\/#\/schema\/logo\/image\/\",\"url\":\"https:\/\/normi.de\/wp-content\/uploads\/2025\/11\/normi-logo-triangle@3x.png\",\"contentUrl\":\"https:\/\/normi.de\/wp-content\/uploads\/2025\/11\/normi-logo-triangle@3x.png\",\"width\":655,\"height\":433,\"caption\":\"Norlac\"},\"image\":{\"@id\":\"https:\/\/normi.de\/nl\/#\/schema\/logo\/image\/\"}}]}<\/script>\n<!-- \/ Yoast SEO plugin. -->","yoast_head_json":{"title":"K\u00e4lbermilch SMART 30 - Norlac NORMI","robots":{"index":"index","follow":"follow","max-snippet":"max-snippet:-1","max-image-preview":"max-image-preview:large","max-video-preview":"max-video-preview:-1"},"canonical":"https:\/\/normi.de\/nl\/produkt\/normi-kaelbermilch-smart-30\/","og_locale":"nl_NL","og_type":"article","og_title":"K\u00e4lbermilch SMART 30 - Norlac NORMI","og_description":"Anges\u00e4uerter Milchaustauscher ab der 6. Lebenswoche","og_url":"https:\/\/normi.de\/nl\/produkt\/normi-kaelbermilch-smart-30\/","og_site_name":"Norlac NORMI","article_modified_time":"2026-04-15T08:13:52+00:00","og_image":[{"width":1600,"height":1600,"url":"https:\/\/normi.de\/wp-content\/uploads\/2026\/02\/Produkte-blid_Normi_Sack_smartmilk_fuer_Kaelber_Composing.png","type":"image\/png"}],"twitter_card":"summary_large_image","twitter_misc":{"Geschatte leestijd":"1 minuut"},"schema":{"@context":"https:\/\/schema.org","@graph":[{"@type":"WebPage","@id":"https:\/\/normi.de\/nl\/produkt\/normi-kaelbermilch-smart-30\/","url":"https:\/\/normi.de\/nl\/produkt\/normi-kaelbermilch-smart-30\/","name":"K\u00e4lbermilch SMART 30 - Norlac NORMI","isPartOf":{"@id":"https:\/\/normi.de\/nl\/#website"},"primaryImageOfPage":{"@id":"https:\/\/normi.de\/nl\/produkt\/normi-kaelbermilch-smart-30\/#primaryimage"},"image":{"@id":"https:\/\/normi.de\/nl\/produkt\/normi-kaelbermilch-smart-30\/#primaryimage"},"thumbnailUrl":"https:\/\/normi.de\/wp-content\/uploads\/2026\/02\/Produkte-blid_Normi_Sack_smartmilk_fuer_Kaelber_Composing.png","datePublished":"2026-02-02T19:03:43+00:00","dateModified":"2026-04-15T08:13:52+00:00","breadcrumb":{"@id":"https:\/\/normi.de\/nl\/produkt\/normi-kaelbermilch-smart-30\/#breadcrumb"},"inLanguage":"nl-NL","potentialAction":[{"@type":"ReadAction","target":["https:\/\/normi.de\/nl\/produkt\/normi-kaelbermilch-smart-30\/"]}]},{"@type":"ImageObject","inLanguage":"nl-NL","@id":"https:\/\/normi.de\/nl\/produkt\/normi-kaelbermilch-smart-30\/#primaryimage","url":"https:\/\/normi.de\/wp-content\/uploads\/2026\/02\/Produkte-blid_Normi_Sack_smartmilk_fuer_Kaelber_Composing.png","contentUrl":"https:\/\/normi.de\/wp-content\/uploads\/2026\/02\/Produkte-blid_Normi_Sack_smartmilk_fuer_Kaelber_Composing.png","width":1600,"height":1600},{"@type":"BreadcrumbList","@id":"https:\/\/normi.de\/nl\/produkt\/normi-kaelbermilch-smart-30\/#breadcrumb","itemListElement":[{"@type":"ListItem","position":1,"name":"Startseite","item":"https:\/\/normi.de\/nl\/"},{"@type":"ListItem","position":2,"name":"Producten","item":"https:\/\/normi.de\/nl\/shop\/"},{"@type":"ListItem","position":3,"name":"Rinder","item":"https:\/\/normi.de\/nl\/produkt-kategorie\/rinder\/"},{"@type":"ListItem","position":4,"name":"K\u00e4lbermilch SMART 30"}]},{"@type":"WebSite","@id":"https:\/\/normi.de\/nl\/#website","url":"https:\/\/normi.de\/nl\/","name":"NORMI","description":"NORMI Milchaustauscher \u2013 hochwertige Ern\u00e4hrungskonzepte f\u00fcr Jungtiere","publisher":{"@id":"https:\/\/normi.de\/nl\/#organization"},"potentialAction":[{"@type":"SearchAction","target":{"@type":"EntryPoint","urlTemplate":"https:\/\/normi.de\/nl\/?s={search_term_string}"},"query-input":{"@type":"PropertyValueSpecification","valueRequired":true,"valueName":"search_term_string"}}],"inLanguage":"nl-NL"},{"@type":"Organization","@id":"https:\/\/normi.de\/nl\/#organization","name":"Norlac","url":"https:\/\/normi.de\/nl\/","logo":{"@type":"ImageObject","inLanguage":"nl-NL","@id":"https:\/\/normi.de\/nl\/#\/schema\/logo\/image\/","url":"https:\/\/normi.de\/wp-content\/uploads\/2025\/11\/normi-logo-triangle@3x.png","contentUrl":"https:\/\/normi.de\/wp-content\/uploads\/2025\/11\/normi-logo-triangle@3x.png","width":655,"height":433,"caption":"Norlac"},"image":{"@id":"https:\/\/normi.de\/nl\/#\/schema\/logo\/image\/"}}]}},"_links":{"self":[{"href":"https:\/\/normi.de\/nl\/wp-json\/wp\/v2\/product\/3271","targetHints":{"allow":["GET"]}}],"collection":[{"href":"https:\/\/normi.de\/nl\/wp-json\/wp\/v2\/product"}],"about":[{"href":"https:\/\/normi.de\/nl\/wp-json\/wp\/v2\/types\/product"}],"replies":[{"embeddable":true,"href":"https:\/\/normi.de\/nl\/wp-json\/wp\/v2\/comments?post=3271"}],"wp:featuredmedia":[{"embeddable":true,"href":"https:\/\/normi.de\/nl\/wp-json\/wp\/v2\/media\/3272"}],"wp:attachment":[{"href":"https:\/\/normi.de\/nl\/wp-json\/wp\/v2\/media?parent=3271"}],"wp:term":[{"taxonomy":"product_brand","embeddable":true,"href":"https:\/\/normi.de\/nl\/wp-json\/wp\/v2\/product_brand?post=3271"},{"taxonomy":"product_cat","embeddable":true,"href":"https:\/\/normi.de\/nl\/wp-json\/wp\/v2\/product_cat?post=3271"},{"taxonomy":"product_tag","embeddable":true,"href":"https:\/\/normi.de\/nl\/wp-json\/wp\/v2\/product_tag?post=3271"}],"curies":[{"name":"wp","href":"https:\/\/api.w.org\/{rel}","templated":true}]}}