{"id":70,"date":"2025-11-11T10:46:30","date_gmt":"2025-11-11T09:46:30","guid":{"rendered":"https:\/\/normi.de\/?page_id=70"},"modified":"2026-02-05T12:00:52","modified_gmt":"2026-02-05T11:00:52","slug":"privatlivspolitik","status":"publish","type":"page","link":"https:\/\/normi.de\/da\/eksempel-side\/privatlivspolitik\/","title":{"rendered":"Privatlivspolitik"},"content":{"rendered":"\n<h2 class=\"wp-block-heading\">Hvem vi er<\/h2>\n\n<p><strong class=\"privacy-policy-tutorial\">Tekstforslag:<\/strong> Adressen p\u00e5 vores websted er: http:\/\/wordpress.p700929.webspaceconfig.de.<\/p>\n\n<h2 class=\"wp-block-heading\">Kommentarer<\/h2>\n\n<p><strong class=\"privacy-policy-tutorial\">Tekstforslag:<\/strong> N\u00e5r bes\u00f8gende skriver kommentarer p\u00e5 webstedet, indsamler vi de data, der vises i kommentarformularen, samt den bes\u00f8gendes IP-adresse og User-Agent-streng (som identificerer browseren) for at hj\u00e6lpe med at opdage spam.<\/p>\n\n<p>En anonymiseret streng (ogs\u00e5 kaldet et hash) kan oprettes fra din e-mailadresse og overf\u00f8res til Gravatar-tjenesten for at kontrollere, om du bruger den. Gravatar-tjenestens privatlivspolitik kan findes her: https:\/\/automattic.com\/privacy\/. N\u00e5r din kommentar er godkendt, vil dit profilbillede v\u00e6re offentligt synligt i forbindelse med din kommentar. <\/p>\n\n<h2 class=\"wp-block-heading\">Medier<\/h2>\n\n<p><strong class=\"privacy-policy-tutorial\">Tekstforslag:<\/strong> Hvis du er en registreret bruger og uploader fotos til dette websted, b\u00f8r du undg\u00e5 at uploade fotos med en EXIF-GPS-placering. Bes\u00f8gende p\u00e5 dette websted kan downloade fotos, der er gemt p\u00e5 dette websted, og udtr\u00e6kke deres placeringsoplysninger. <\/p>\n\n<h2 class=\"wp-block-heading\">Cookies<\/h2>\n\n<p><strong class=\"privacy-policy-tutorial\">Tekstforslag:<\/strong> N\u00e5r du skriver en kommentar p\u00e5 vores websted, kan det v\u00e6re et samtykke til at gemme dit navn, din e-mailadresse og dit websted i cookies. Dette er en bekvemmelighedsfunktion, s\u00e5 du ikke beh\u00f8ver at indtaste alle disse data igen, n\u00e5r du skriver en anden kommentar. Disse cookies gemmes i et \u00e5r.  <\/p>\n\n<p>Hvis du har en konto og logger ind p\u00e5 dette websted, s\u00e6tter vi en midlertidig cookie for at afg\u00f8re, om din browser accepterer cookies. Denne cookie indeholder ingen personlige data og kasseres, n\u00e5r du lukker din browser. <\/p>\n\n<p>N\u00e5r du logger ind, s\u00e6tter vi nogle cookies for at gemme dine loginoplysninger og visningsindstillinger. Login-cookies udl\u00f8ber efter to dage, og cookies til visningsindstillinger udl\u00f8ber efter et \u00e5r. Hvis du v\u00e6lger &#8220;Forbliv logget ind&#8221;, n\u00e5r du logger ind, vil dit login blive opretholdt i to uger. N\u00e5r du logger ud af din konto, slettes login-cookies.   <\/p>\n\n<p>N\u00e5r du redigerer eller udgiver en artikel, gemmes en yderligere cookie i din browser. Denne cookie indeholder ingen personlige data og henviser kun til artikel-id&#8217;et for den artikel, du lige har redigeret. Cookien udl\u00f8ber efter en dag.  <\/p>\n\n<h2 class=\"wp-block-heading\">Integreret indhold fra andre websteder<\/h2>\n\n<p><strong class=\"privacy-policy-tutorial\">Tekstforslag:<\/strong> Indl\u00e6g p\u00e5 dette websted kan indeholde integreret indhold (f.eks. videoer, billeder, indl\u00e6g osv.). Integreret indhold fra andre websteder opf\u00f8rer sig n\u00f8jagtigt, som om den bes\u00f8gende havde bes\u00f8gt det andet websted. <\/p>\n\n<p>Disse websteder kan indsamle data om dig, bruge cookies, integrere yderligere tredjeparts trackingtjenester og registrere din interaktion med dette integrerede indhold, herunder din interaktion med det integrerede indhold, hvis du har en konto og er logget ind p\u00e5 dette websted.<\/p>\n\n<h2 class=\"wp-block-heading\">Hvem vi deler dine data med<\/h2>\n\n<p><strong class=\"privacy-policy-tutorial\">Tekstforslag:<\/strong> Hvis du anmoder om en nulstilling af adgangskoden, vil din IP-adresse v\u00e6re inkluderet i e-mailen til nulstilling.<\/p>\n\n<h2 class=\"wp-block-heading\">Hvor l\u00e6nge vi gemmer dine data<\/h2>\n\n<p><strong class=\"privacy-policy-tutorial\">Tekstforslag:<\/strong> N\u00e5r du skriver en kommentar, gemmes den inklusive metadata p\u00e5 ubestemt tid. P\u00e5 denne m\u00e5de kan vi automatisk genkende og godkende opf\u00f8lgende kommentarer i stedet for at holde dem i en moderationsk\u00f8. <\/p>\n\n<p>For brugere, der registrerer sig p\u00e5 vores websted, gemmer vi ogs\u00e5 de personlige oplysninger, de angiver i deres brugerprofiler. Alle brugere kan til enhver tid se, \u00e6ndre eller slette deres personlige oplysninger (brugernavnet kan ikke \u00e6ndres). Webstedsadministratorer kan ogs\u00e5 se og \u00e6ndre disse oplysninger.  <\/p>\n\n<h2 class=\"wp-block-heading\">Hvilke rettigheder har du over dine data<\/h2>\n\n<p><strong class=\"privacy-policy-tutorial\">Tekstforslag:<\/strong> Hvis du har en konto p\u00e5 dette websted eller har skrevet kommentarer, kan du anmode om en eksport af dine personoplysninger fra os, inklusive alle de data, du har givet os. Derudover kan du anmode om sletning af alle personoplysninger, vi har gemt om dig. Dette omfatter ikke de data, vi skal opbevare af administrative, juridiske eller sikkerhedsm\u00e6ssige \u00e5rsager.  <\/p>\n\n<h2 class=\"wp-block-heading\">Hvor dine data sendes hen<\/h2>\n\n<p><strong class=\"privacy-policy-tutorial\">Tekstforslag:<\/strong> Bes\u00f8gendes kommentarer kan blive unders\u00f8gt af en automatiseret tjeneste til spam-detektion.<\/p>\n","protected":false},"excerpt":{"rendered":"<p>Hvem vi er Tekstforslag: Adressen p\u00e5 vores websted er: http:\/\/wordpress.p700929.webspaceconfig.de. Kommentarer Tekstforslag: N\u00e5r bes\u00f8gende skriver kommentarer p\u00e5 webstedet, indsamler vi de data, der vises i kommentarformularen, samt den bes\u00f8gendes IP-adresse og User-Agent-streng (som identificerer browseren) for at hj\u00e6lpe med at opdage spam. En anonymiseret streng (ogs\u00e5 kaldet et hash) kan oprettes fra din e-mailadresse og [&hellip;]<\/p>\n","protected":false},"author":1,"featured_media":0,"parent":73,"menu_order":0,"comment_status":"closed","ping_status":"closed","template":"","meta":{"_acf_changed":false,"footnotes":""},"class_list":["post-70","page","type-page","status-publish","hentry"],"acf":[],"yoast_head":"<!-- This site is optimized with the Yoast SEO plugin v27.1.1 - https:\/\/yoast.com\/product\/yoast-seo-wordpress\/ -->\n<title>Privatlivspolitik - Norlac NORMI<\/title>\n<meta name=\"robots\" content=\"index, follow, max-snippet:-1, max-image-preview:large, max-video-preview:-1\" \/>\n<link rel=\"canonical\" href=\"https:\/\/normi.de\/da\/eksempel-side\/privatlivspolitik\/\" \/>\n<meta property=\"og:locale\" content=\"da_DK\" \/>\n<meta property=\"og:type\" content=\"article\" \/>\n<meta property=\"og:title\" content=\"Privatlivspolitik - Norlac NORMI\" \/>\n<meta property=\"og:description\" content=\"Hvem vi er Tekstforslag: Adressen p\u00e5 vores websted er: http:\/\/wordpress.p700929.webspaceconfig.de. Kommentarer Tekstforslag: N\u00e5r bes\u00f8gende skriver kommentarer p\u00e5 webstedet, indsamler vi de data, der vises i kommentarformularen, samt den bes\u00f8gendes IP-adresse og User-Agent-streng (som identificerer browseren) for at hj\u00e6lpe med at opdage spam. En anonymiseret streng (ogs\u00e5 kaldet et hash) kan oprettes fra din e-mailadresse og [&hellip;]\" \/>\n<meta property=\"og:url\" content=\"https:\/\/normi.de\/da\/eksempel-side\/privatlivspolitik\/\" \/>\n<meta property=\"og:site_name\" content=\"Norlac NORMI\" \/>\n<meta property=\"article:modified_time\" content=\"2026-02-05T11:00:52+00:00\" \/>\n<meta name=\"twitter:card\" content=\"summary_large_image\" \/>\n<meta name=\"twitter:label1\" content=\"Estimeret l\u00e6setid\" \/>\n\t<meta name=\"twitter:data1\" content=\"3 minutter\" \/>\n<script type=\"application\/ld+json\" class=\"yoast-schema-graph\">{\"@context\":\"https:\/\/schema.org\",\"@graph\":[{\"@type\":\"WebPage\",\"@id\":\"https:\/\/normi.de\/da\/eksempel-side\/privatlivspolitik\/\",\"url\":\"https:\/\/normi.de\/da\/eksempel-side\/privatlivspolitik\/\",\"name\":\"Privatlivspolitik - Norlac NORMI\",\"isPartOf\":{\"@id\":\"https:\/\/normi.de\/da\/#website\"},\"datePublished\":\"2025-11-11T09:46:30+00:00\",\"dateModified\":\"2026-02-05T11:00:52+00:00\",\"breadcrumb\":{\"@id\":\"https:\/\/normi.de\/da\/eksempel-side\/privatlivspolitik\/#breadcrumb\"},\"inLanguage\":\"da-DK\",\"potentialAction\":[{\"@type\":\"ReadAction\",\"target\":[\"https:\/\/normi.de\/da\/eksempel-side\/privatlivspolitik\/\"]}]},{\"@type\":\"BreadcrumbList\",\"@id\":\"https:\/\/normi.de\/da\/eksempel-side\/privatlivspolitik\/#breadcrumb\",\"itemListElement\":[{\"@type\":\"ListItem\",\"position\":1,\"name\":\"Startseite\",\"item\":\"https:\/\/normi.de\/da\/\"},{\"@type\":\"ListItem\",\"position\":2,\"name\":\"Eksempel-side\",\"item\":\"https:\/\/normi.de\/da\/\"},{\"@type\":\"ListItem\",\"position\":3,\"name\":\"Privatlivspolitik\"}]},{\"@type\":\"WebSite\",\"@id\":\"https:\/\/normi.de\/da\/#website\",\"url\":\"https:\/\/normi.de\/da\/\",\"name\":\"NORMI\",\"description\":\"NORMI Milchaustauscher \u2013 hochwertige Ern\u00e4hrungskonzepte f\u00fcr Jungtiere\",\"publisher\":{\"@id\":\"https:\/\/normi.de\/da\/#organization\"},\"potentialAction\":[{\"@type\":\"SearchAction\",\"target\":{\"@type\":\"EntryPoint\",\"urlTemplate\":\"https:\/\/normi.de\/da\/?s={search_term_string}\"},\"query-input\":{\"@type\":\"PropertyValueSpecification\",\"valueRequired\":true,\"valueName\":\"search_term_string\"}}],\"inLanguage\":\"da-DK\"},{\"@type\":\"Organization\",\"@id\":\"https:\/\/normi.de\/da\/#organization\",\"name\":\"Norlac\",\"url\":\"https:\/\/normi.de\/da\/\",\"logo\":{\"@type\":\"ImageObject\",\"inLanguage\":\"da-DK\",\"@id\":\"https:\/\/normi.de\/da\/#\/schema\/logo\/image\/\",\"url\":\"https:\/\/normi.de\/wp-content\/uploads\/2025\/11\/normi-logo-triangle@3x.png\",\"contentUrl\":\"https:\/\/normi.de\/wp-content\/uploads\/2025\/11\/normi-logo-triangle@3x.png\",\"width\":655,\"height\":433,\"caption\":\"Norlac\"},\"image\":{\"@id\":\"https:\/\/normi.de\/da\/#\/schema\/logo\/image\/\"}}]}<\/script>\n<!-- \/ Yoast SEO plugin. -->","yoast_head_json":{"title":"Privatlivspolitik - Norlac NORMI","robots":{"index":"index","follow":"follow","max-snippet":"max-snippet:-1","max-image-preview":"max-image-preview:large","max-video-preview":"max-video-preview:-1"},"canonical":"https:\/\/normi.de\/da\/eksempel-side\/privatlivspolitik\/","og_locale":"da_DK","og_type":"article","og_title":"Privatlivspolitik - Norlac NORMI","og_description":"Hvem vi er Tekstforslag: Adressen p\u00e5 vores websted er: http:\/\/wordpress.p700929.webspaceconfig.de. Kommentarer Tekstforslag: N\u00e5r bes\u00f8gende skriver kommentarer p\u00e5 webstedet, indsamler vi de data, der vises i kommentarformularen, samt den bes\u00f8gendes IP-adresse og User-Agent-streng (som identificerer browseren) for at hj\u00e6lpe med at opdage spam. En anonymiseret streng (ogs\u00e5 kaldet et hash) kan oprettes fra din e-mailadresse og [&hellip;]","og_url":"https:\/\/normi.de\/da\/eksempel-side\/privatlivspolitik\/","og_site_name":"Norlac NORMI","article_modified_time":"2026-02-05T11:00:52+00:00","twitter_card":"summary_large_image","twitter_misc":{"Estimeret l\u00e6setid":"3 minutter"},"schema":{"@context":"https:\/\/schema.org","@graph":[{"@type":"WebPage","@id":"https:\/\/normi.de\/da\/eksempel-side\/privatlivspolitik\/","url":"https:\/\/normi.de\/da\/eksempel-side\/privatlivspolitik\/","name":"Privatlivspolitik - Norlac NORMI","isPartOf":{"@id":"https:\/\/normi.de\/da\/#website"},"datePublished":"2025-11-11T09:46:30+00:00","dateModified":"2026-02-05T11:00:52+00:00","breadcrumb":{"@id":"https:\/\/normi.de\/da\/eksempel-side\/privatlivspolitik\/#breadcrumb"},"inLanguage":"da-DK","potentialAction":[{"@type":"ReadAction","target":["https:\/\/normi.de\/da\/eksempel-side\/privatlivspolitik\/"]}]},{"@type":"BreadcrumbList","@id":"https:\/\/normi.de\/da\/eksempel-side\/privatlivspolitik\/#breadcrumb","itemListElement":[{"@type":"ListItem","position":1,"name":"Startseite","item":"https:\/\/normi.de\/da\/"},{"@type":"ListItem","position":2,"name":"Eksempel-side","item":"https:\/\/normi.de\/da\/"},{"@type":"ListItem","position":3,"name":"Privatlivspolitik"}]},{"@type":"WebSite","@id":"https:\/\/normi.de\/da\/#website","url":"https:\/\/normi.de\/da\/","name":"NORMI","description":"NORMI Milchaustauscher \u2013 hochwertige Ern\u00e4hrungskonzepte f\u00fcr Jungtiere","publisher":{"@id":"https:\/\/normi.de\/da\/#organization"},"potentialAction":[{"@type":"SearchAction","target":{"@type":"EntryPoint","urlTemplate":"https:\/\/normi.de\/da\/?s={search_term_string}"},"query-input":{"@type":"PropertyValueSpecification","valueRequired":true,"valueName":"search_term_string"}}],"inLanguage":"da-DK"},{"@type":"Organization","@id":"https:\/\/normi.de\/da\/#organization","name":"Norlac","url":"https:\/\/normi.de\/da\/","logo":{"@type":"ImageObject","inLanguage":"da-DK","@id":"https:\/\/normi.de\/da\/#\/schema\/logo\/image\/","url":"https:\/\/normi.de\/wp-content\/uploads\/2025\/11\/normi-logo-triangle@3x.png","contentUrl":"https:\/\/normi.de\/wp-content\/uploads\/2025\/11\/normi-logo-triangle@3x.png","width":655,"height":433,"caption":"Norlac"},"image":{"@id":"https:\/\/normi.de\/da\/#\/schema\/logo\/image\/"}}]}},"_links":{"self":[{"href":"https:\/\/normi.de\/da\/wp-json\/wp\/v2\/pages\/70","targetHints":{"allow":["GET"]}}],"collection":[{"href":"https:\/\/normi.de\/da\/wp-json\/wp\/v2\/pages"}],"about":[{"href":"https:\/\/normi.de\/da\/wp-json\/wp\/v2\/types\/page"}],"author":[{"embeddable":true,"href":"https:\/\/normi.de\/da\/wp-json\/wp\/v2\/users\/1"}],"replies":[{"embeddable":true,"href":"https:\/\/normi.de\/da\/wp-json\/wp\/v2\/comments?post=70"}],"version-history":[{"count":1,"href":"https:\/\/normi.de\/da\/wp-json\/wp\/v2\/pages\/70\/revisions"}],"predecessor-version":[{"id":71,"href":"https:\/\/normi.de\/da\/wp-json\/wp\/v2\/pages\/70\/revisions\/71"}],"up":[{"embeddable":true,"href":"https:\/\/normi.de\/da\/wp-json\/wp\/v2\/pages\/73"}],"wp:attachment":[{"href":"https:\/\/normi.de\/da\/wp-json\/wp\/v2\/media?parent=70"}],"curies":[{"name":"wp","href":"https:\/\/api.w.org\/{rel}","templated":true}]}}